{"id":198,"date":"2025-01-01T22:00:51","date_gmt":"2025-01-01T22:00:51","guid":{"rendered":"https:\/\/alexforlongmont.com\/?page_id=198"},"modified":"2025-08-31T05:41:49","modified_gmt":"2025-08-31T05:41:49","slug":"about-me","status":"publish","type":"page","link":"https:\/\/alexforlongmont.com\/es\/about-me\/","title":{"rendered":"Acerca de Alex"},"content":{"rendered":"<div data-elementor-type=\"wp-page\" data-elementor-id=\"198\" class=\"elementor elementor-198\">\n\t\t\t\t<div class=\"elementor-element elementor-element-071fafa e-con-full e-flex e-con e-parent\" data-id=\"071fafa\" data-element_type=\"container\" data-e-type=\"container\">\n\t\t<div class=\"elementor-element elementor-element-8314e00 e-con-full e-flex e-con e-child\" data-id=\"8314e00\" data-element_type=\"container\" data-e-type=\"container\">\n\t\t\t\t<div class=\"elementor-element elementor-element-b745e6b elementor-widget elementor-widget-text-editor\" data-id=\"b745e6b\" data-element_type=\"widget\" data-e-type=\"widget\" data-widget_type=\"text-editor.default\">\n\t\t\t\t<div class=\"elementor-widget-container\">\n\t\t\t\t\t\t\t\t\t<p>Hola, soy Alex Kalkhofer. Mi esposa Emily y yo elegimos Longmont como nuestro hogar en 2008, y desde entonces hemos echado ra\u00edces profundas aqu\u00ed.<\/p><p>Mi origen es diverso -  soy mitad cubano y mitad austriaco. Esta mezcla cultural, junto con mi experiencia temprana trabajando en el restaurante cubano\/mexicano de mi madre en Miami Beach, molde\u00f3 mi comprensi\u00f3n del trabajo duro y la importancia de los peque\u00f1os negocios.<\/p><p>Ahora, estamos criando a nuestros dos hijos en las escuelas p\u00fablicas de Longmont. Nuestra familia, incluyendo a nuestro perro, prospera en esta comunidad. El fuerte sentido de comunidad y los servicios municipales de Longmont lo convierten en un lugar ideal para nosotros.<\/p><p>Profesionalmente, he trabajado en Cadena de Suministro durante m\u00e1s de 15 a\u00f1os, actualmente con una empresa de telesalud. Mi pasi\u00f3n por Longmont me ha llevado a servir en varias juntas directivas:<\/p><ul><li>Junta Asesora del Condado de Boulder para el Programa de Acci\u00f3n Comunitaria<\/li><li>Junta Asesora de Transporte de la Ciudad de Longmont<\/li><li>Junta de Fideicomisarios de Longmont Elks Lodge<\/li><\/ul><p>Estos roles me han dado una visi\u00f3n de las operaciones y necesidades de nuestra ciudad. Longmont ha sido buena con mi familia, y quiero retribuir. Creo en esta ciudad: su gente, sus servicios y su potencial. Por eso estoy comprometido a hacer que Longmont sea a\u00fan mejor para todos.<\/p><p>Mi objetivo es fomentar la participaci\u00f3n comunitaria y el crecimiento inteligente. Con mi experiencia laboral y servicio comunitario, estoy ansioso por ayudar a dar forma al futuro de Longmont. Quiero preservar lo que hace especial a Longmont mientras nos preparamos para el futuro, equilibrando nuestra historia con un progreso que beneficie a todos los miembros de la comunidad.<\/p><p>Gracias por conocerme. \u00a1Espero trabajar con ustedes para mejorar nuestra gran ciudad!<\/p>\t\t\t\t\t\t\t\t<\/div>\n\t\t\t\t<\/div>\n\t\t\t\t<\/div>\n\t\t<div class=\"elementor-element elementor-element-3466ba5 e-con-full e-flex e-con e-child\" data-id=\"3466ba5\" data-element_type=\"container\" data-e-type=\"container\">\n\t\t\t\t<div class=\"elementor-element elementor-element-22e24a7 elementor-widget elementor-widget-image\" data-id=\"22e24a7\" data-element_type=\"widget\" data-e-type=\"widget\" data-widget_type=\"image.default\">\n\t\t\t\t<div class=\"elementor-widget-container\">\n\t\t\t\t\t\t\t\t\t\t\t\t\t\t\t<img fetchpriority=\"high\" decoding=\"async\" width=\"768\" height=\"1024\" src=\"https:\/\/alexforlongmont.com\/wp-content\/uploads\/2025\/08\/IMG_5727-768x1024.jpeg\" class=\"attachment-large size-large wp-image-770\" alt=\"\" srcset=\"https:\/\/alexforlongmont.com\/wp-content\/uploads\/2025\/08\/IMG_5727-768x1024.jpeg 768w, https:\/\/alexforlongmont.com\/wp-content\/uploads\/2025\/08\/IMG_5727-225x300.jpeg 225w, https:\/\/alexforlongmont.com\/wp-content\/uploads\/2025\/08\/IMG_5727-1152x1536.jpeg 1152w, https:\/\/alexforlongmont.com\/wp-content\/uploads\/2025\/08\/IMG_5727-1536x2048.jpeg 1536w, https:\/\/alexforlongmont.com\/wp-content\/uploads\/2025\/08\/IMG_5727-9x12.jpeg 9w, https:\/\/alexforlongmont.com\/wp-content\/uploads\/2025\/08\/IMG_5727-scaled.jpeg 1920w\" sizes=\"(max-width: 768px) 100vw, 768px\" \/>\t\t\t\t\t\t\t\t\t\t\t\t\t\t\t<\/div>\n\t\t\t\t<\/div>\n\t\t\t\t<div class=\"elementor-element elementor-element-99c95bb elementor-widget elementor-widget-image\" data-id=\"99c95bb\" data-element_type=\"widget\" data-e-type=\"widget\" data-widget_type=\"image.default\">\n\t\t\t\t<div class=\"elementor-widget-container\">\n\t\t\t\t\t\t\t\t\t\t\t\t\t\t\t<img decoding=\"async\" width=\"1024\" height=\"768\" src=\"https:\/\/alexforlongmont.com\/wp-content\/uploads\/2025\/08\/IMG_6193-1024x768.jpeg\" class=\"attachment-large size-large wp-image-762\" alt=\"\" srcset=\"https:\/\/alexforlongmont.com\/wp-content\/uploads\/2025\/08\/IMG_6193-1024x768.jpeg 1024w, https:\/\/alexforlongmont.com\/wp-content\/uploads\/2025\/08\/IMG_6193-300x225.jpeg 300w, https:\/\/alexforlongmont.com\/wp-content\/uploads\/2025\/08\/IMG_6193-768x576.jpeg 768w, https:\/\/alexforlongmont.com\/wp-content\/uploads\/2025\/08\/IMG_6193-1536x1152.jpeg 1536w, https:\/\/alexforlongmont.com\/wp-content\/uploads\/2025\/08\/IMG_6193-2048x1536.jpeg 2048w, https:\/\/alexforlongmont.com\/wp-content\/uploads\/2025\/08\/IMG_6193-16x12.jpeg 16w\" sizes=\"(max-width: 1024px) 100vw, 1024px\" \/>\t\t\t\t\t\t\t\t\t\t\t\t\t\t\t<\/div>\n\t\t\t\t<\/div>\n\t\t\t\t<div class=\"elementor-element elementor-element-8c92252 elementor-widget elementor-widget-image\" data-id=\"8c92252\" data-element_type=\"widget\" data-e-type=\"widget\" data-widget_type=\"image.default\">\n\t\t\t\t<div class=\"elementor-widget-container\">\n\t\t\t\t\t\t\t\t\t\t\t\t\t\t\t<img decoding=\"async\" width=\"768\" height=\"1024\" src=\"https:\/\/alexforlongmont.com\/wp-content\/uploads\/2025\/01\/IMG_5540-768x1024.jpeg\" class=\"attachment-large size-large wp-image-167\" alt=\"\" srcset=\"https:\/\/alexforlongmont.com\/wp-content\/uploads\/2025\/01\/IMG_5540-768x1024.jpeg 768w, https:\/\/alexforlongmont.com\/wp-content\/uploads\/2025\/01\/IMG_5540-225x300.jpeg 225w, https:\/\/alexforlongmont.com\/wp-content\/uploads\/2025\/01\/IMG_5540-1152x1536.jpeg 1152w, https:\/\/alexforlongmont.com\/wp-content\/uploads\/2025\/01\/IMG_5540-1536x2048.jpeg 1536w, https:\/\/alexforlongmont.com\/wp-content\/uploads\/2025\/01\/IMG_5540-scaled.jpeg 1920w\" sizes=\"(max-width: 768px) 100vw, 768px\" \/>\t\t\t\t\t\t\t\t\t\t\t\t\t\t\t<\/div>\n\t\t\t\t<\/div>\n\t\t\t\t<div class=\"elementor-element elementor-element-d55661d elementor-widget elementor-widget-image\" data-id=\"d55661d\" data-element_type=\"widget\" data-e-type=\"widget\" data-widget_type=\"image.default\">\n\t\t\t\t<div class=\"elementor-widget-container\">\n\t\t\t\t\t\t\t\t\t\t\t\t\t\t\t<img loading=\"lazy\" decoding=\"async\" width=\"768\" height=\"1024\" src=\"https:\/\/alexforlongmont.com\/wp-content\/uploads\/2025\/01\/IMG_1252-768x1024.jpeg\" class=\"attachment-large size-large wp-image-262\" alt=\"\" srcset=\"https:\/\/alexforlongmont.com\/wp-content\/uploads\/2025\/01\/IMG_1252-768x1024.jpeg 768w, https:\/\/alexforlongmont.com\/wp-content\/uploads\/2025\/01\/IMG_1252-225x300.jpeg 225w, https:\/\/alexforlongmont.com\/wp-content\/uploads\/2025\/01\/IMG_1252-1152x1536.jpeg 1152w, https:\/\/alexforlongmont.com\/wp-content\/uploads\/2025\/01\/IMG_1252-1536x2048.jpeg 1536w, https:\/\/alexforlongmont.com\/wp-content\/uploads\/2025\/01\/IMG_1252-scaled.jpeg 1920w\" sizes=\"(max-width: 768px) 100vw, 768px\" \/>\t\t\t\t\t\t\t\t\t\t\t\t\t\t\t<\/div>\n\t\t\t\t<\/div>\n\t\t\t\t<div class=\"elementor-element elementor-element-2c0c137 elementor-widget elementor-widget-image\" data-id=\"2c0c137\" data-element_type=\"widget\" data-e-type=\"widget\" data-widget_type=\"image.default\">\n\t\t\t\t<div class=\"elementor-widget-container\">\n\t\t\t\t\t\t\t\t\t\t\t\t\t\t\t<img loading=\"lazy\" decoding=\"async\" width=\"1024\" height=\"768\" src=\"https:\/\/alexforlongmont.com\/wp-content\/uploads\/2025\/08\/IMG_6649-1024x768.jpeg\" class=\"attachment-large size-large wp-image-766\" alt=\"\" srcset=\"https:\/\/alexforlongmont.com\/wp-content\/uploads\/2025\/08\/IMG_6649-1024x768.jpeg 1024w, https:\/\/alexforlongmont.com\/wp-content\/uploads\/2025\/08\/IMG_6649-300x225.jpeg 300w, https:\/\/alexforlongmont.com\/wp-content\/uploads\/2025\/08\/IMG_6649-768x576.jpeg 768w, https:\/\/alexforlongmont.com\/wp-content\/uploads\/2025\/08\/IMG_6649-1536x1152.jpeg 1536w, https:\/\/alexforlongmont.com\/wp-content\/uploads\/2025\/08\/IMG_6649-2048x1536.jpeg 2048w, https:\/\/alexforlongmont.com\/wp-content\/uploads\/2025\/08\/IMG_6649-16x12.jpeg 16w\" sizes=\"(max-width: 1024px) 100vw, 1024px\" \/>\t\t\t\t\t\t\t\t\t\t\t\t\t\t\t<\/div>\n\t\t\t\t<\/div>\n\t\t\t\t<\/div>\n\t\t\t\t<\/div>\n\t\t<div class=\"elementor-element elementor-element-62c07af e-flex e-con-boxed e-con e-parent\" data-id=\"62c07af\" data-element_type=\"container\" data-e-type=\"container\">\n\t\t\t\t\t<div class=\"e-con-inner\">\n\t\t\t\t\t<\/div>\n\t\t\t\t<\/div>\n\t\t\t\t<\/div>","protected":false},"excerpt":{"rendered":"<p>Hello, I&#8217;m Alex Kalkhofer. My wife Emily and I chose Longmont as our home in 2008, and we&#8217;ve grown deep roots here since then. My background is diverse &#8211; I&#8217;m half Cuban and half Austrian. This cultural mix, along with my early experience working in my mom&#8217;s Cuban\/Mexican restaurant in Miami Beach, shaped my understanding [&hellip;]<\/p>\n","protected":false},"author":1,"featured_media":0,"parent":0,"menu_order":0,"comment_status":"closed","ping_status":"closed","template":"","meta":{"footnotes":""},"class_list":["post-198","page","type-page","status-publish","hentry"],"yoast_head":"<!-- This site is optimized with the Yoast SEO plugin v27.4 - https:\/\/yoast.com\/product\/yoast-seo-wordpress\/ -->\n<title>About Alex - A Strong Longmont for All<\/title>\n<meta name=\"robots\" content=\"index, follow, max-snippet:-1, max-image-preview:large, max-video-preview:-1\" \/>\n<link rel=\"canonical\" href=\"https:\/\/alexforlongmont.com\/es\/about-me\/\" \/>\n<meta property=\"og:locale\" content=\"es_MX\" \/>\n<meta property=\"og:type\" content=\"article\" \/>\n<meta property=\"og:title\" content=\"About Alex - A Strong Longmont for All\" \/>\n<meta property=\"og:description\" content=\"Hello, I&#8217;m Alex Kalkhofer. My wife Emily and I chose Longmont as our home in 2008, and we&#8217;ve grown deep roots here since then. My background is diverse &#8211; I&#8217;m half Cuban and half Austrian. This cultural mix, along with my early experience working in my mom&#8217;s Cuban\/Mexican restaurant in Miami Beach, shaped my understanding [&hellip;]\" \/>\n<meta property=\"og:url\" content=\"https:\/\/alexforlongmont.com\/es\/about-me\/\" \/>\n<meta property=\"og:site_name\" content=\"A Strong Longmont for All\" \/>\n<meta property=\"article:modified_time\" content=\"2025-08-31T05:41:49+00:00\" \/>\n<meta property=\"og:image\" content=\"https:\/\/alexforlongmont.com\/wp-content\/uploads\/2025\/08\/IMG_5727-768x1024.jpeg\" \/>\n<meta name=\"twitter:card\" content=\"summary_large_image\" \/>\n<meta name=\"twitter:label1\" content=\"Tiempo de lectura\" \/>\n\t<meta name=\"twitter:data1\" content=\"3 minutos\" \/>\n<script type=\"application\/ld+json\" class=\"yoast-schema-graph\">{\"@context\":\"https:\\\/\\\/schema.org\",\"@graph\":[{\"@type\":\"WebPage\",\"@id\":\"https:\\\/\\\/alexforlongmont.com\\\/about-me\\\/\",\"url\":\"https:\\\/\\\/alexforlongmont.com\\\/about-me\\\/\",\"name\":\"About Alex - A Strong Longmont for All\",\"isPartOf\":{\"@id\":\"https:\\\/\\\/alexforlongmont.com\\\/#website\"},\"primaryImageOfPage\":{\"@id\":\"https:\\\/\\\/alexforlongmont.com\\\/about-me\\\/#primaryimage\"},\"image\":{\"@id\":\"https:\\\/\\\/alexforlongmont.com\\\/about-me\\\/#primaryimage\"},\"thumbnailUrl\":\"https:\\\/\\\/alexforlongmont.com\\\/wp-content\\\/uploads\\\/2025\\\/08\\\/IMG_5727-768x1024.jpeg\",\"datePublished\":\"2025-01-01T22:00:51+00:00\",\"dateModified\":\"2025-08-31T05:41:49+00:00\",\"breadcrumb\":{\"@id\":\"https:\\\/\\\/alexforlongmont.com\\\/about-me\\\/#breadcrumb\"},\"inLanguage\":\"es\",\"potentialAction\":[{\"@type\":\"ReadAction\",\"target\":[\"https:\\\/\\\/alexforlongmont.com\\\/about-me\\\/\"]}]},{\"@type\":\"ImageObject\",\"inLanguage\":\"es\",\"@id\":\"https:\\\/\\\/alexforlongmont.com\\\/about-me\\\/#primaryimage\",\"url\":\"https:\\\/\\\/alexforlongmont.com\\\/wp-content\\\/uploads\\\/2025\\\/08\\\/IMG_5727-768x1024.jpeg\",\"contentUrl\":\"https:\\\/\\\/alexforlongmont.com\\\/wp-content\\\/uploads\\\/2025\\\/08\\\/IMG_5727-768x1024.jpeg\"},{\"@type\":\"BreadcrumbList\",\"@id\":\"https:\\\/\\\/alexforlongmont.com\\\/about-me\\\/#breadcrumb\",\"itemListElement\":[{\"@type\":\"ListItem\",\"position\":1,\"name\":\"Home\",\"item\":\"https:\\\/\\\/alexforlongmont.com\\\/\"},{\"@type\":\"ListItem\",\"position\":2,\"name\":\"About Alex\"}]},{\"@type\":\"WebSite\",\"@id\":\"https:\\\/\\\/alexforlongmont.com\\\/#website\",\"url\":\"https:\\\/\\\/alexforlongmont.com\\\/\",\"name\":\"A Strong Longmont for All\",\"description\":\"Paid for by Alex Kalkhofer for Longmont City Council. Authorized by the candidate.\",\"potentialAction\":[{\"@type\":\"SearchAction\",\"target\":{\"@type\":\"EntryPoint\",\"urlTemplate\":\"https:\\\/\\\/alexforlongmont.com\\\/?s={search_term_string}\"},\"query-input\":{\"@type\":\"PropertyValueSpecification\",\"valueRequired\":true,\"valueName\":\"search_term_string\"}}],\"inLanguage\":\"es\"}]}<\/script>\n<!-- \/ Yoast SEO plugin. -->","yoast_head_json":{"title":"About Alex - A Strong Longmont for All","robots":{"index":"index","follow":"follow","max-snippet":"max-snippet:-1","max-image-preview":"max-image-preview:large","max-video-preview":"max-video-preview:-1"},"canonical":"https:\/\/alexforlongmont.com\/es\/about-me\/","og_locale":"es_MX","og_type":"article","og_title":"About Alex - A Strong Longmont for All","og_description":"Hello, I&#8217;m Alex Kalkhofer. My wife Emily and I chose Longmont as our home in 2008, and we&#8217;ve grown deep roots here since then. My background is diverse &#8211; I&#8217;m half Cuban and half Austrian. This cultural mix, along with my early experience working in my mom&#8217;s Cuban\/Mexican restaurant in Miami Beach, shaped my understanding [&hellip;]","og_url":"https:\/\/alexforlongmont.com\/es\/about-me\/","og_site_name":"A Strong Longmont for All","article_modified_time":"2025-08-31T05:41:49+00:00","og_image":[{"url":"https:\/\/alexforlongmont.com\/wp-content\/uploads\/2025\/08\/IMG_5727-768x1024.jpeg","type":"","width":"","height":""}],"twitter_card":"summary_large_image","twitter_misc":{"Tiempo de lectura":"3 minutos"},"schema":{"@context":"https:\/\/schema.org","@graph":[{"@type":"WebPage","@id":"https:\/\/alexforlongmont.com\/about-me\/","url":"https:\/\/alexforlongmont.com\/about-me\/","name":"About Alex - A Strong Longmont for All","isPartOf":{"@id":"https:\/\/alexforlongmont.com\/#website"},"primaryImageOfPage":{"@id":"https:\/\/alexforlongmont.com\/about-me\/#primaryimage"},"image":{"@id":"https:\/\/alexforlongmont.com\/about-me\/#primaryimage"},"thumbnailUrl":"https:\/\/alexforlongmont.com\/wp-content\/uploads\/2025\/08\/IMG_5727-768x1024.jpeg","datePublished":"2025-01-01T22:00:51+00:00","dateModified":"2025-08-31T05:41:49+00:00","breadcrumb":{"@id":"https:\/\/alexforlongmont.com\/about-me\/#breadcrumb"},"inLanguage":"es","potentialAction":[{"@type":"ReadAction","target":["https:\/\/alexforlongmont.com\/about-me\/"]}]},{"@type":"ImageObject","inLanguage":"es","@id":"https:\/\/alexforlongmont.com\/about-me\/#primaryimage","url":"https:\/\/alexforlongmont.com\/wp-content\/uploads\/2025\/08\/IMG_5727-768x1024.jpeg","contentUrl":"https:\/\/alexforlongmont.com\/wp-content\/uploads\/2025\/08\/IMG_5727-768x1024.jpeg"},{"@type":"BreadcrumbList","@id":"https:\/\/alexforlongmont.com\/about-me\/#breadcrumb","itemListElement":[{"@type":"ListItem","position":1,"name":"Home","item":"https:\/\/alexforlongmont.com\/"},{"@type":"ListItem","position":2,"name":"About Alex"}]},{"@type":"WebSite","@id":"https:\/\/alexforlongmont.com\/#website","url":"https:\/\/alexforlongmont.com\/","name":"Un Longmont Fuerte para Todos","description":"Paid for by Alex Kalkhofer for Longmont City Council. Authorized by the candidate.","potentialAction":[{"@type":"SearchAction","target":{"@type":"EntryPoint","urlTemplate":"https:\/\/alexforlongmont.com\/?s={search_term_string}"},"query-input":{"@type":"PropertyValueSpecification","valueRequired":true,"valueName":"search_term_string"}}],"inLanguage":"es"}]}},"_links":{"self":[{"href":"https:\/\/alexforlongmont.com\/es\/wp-json\/wp\/v2\/pages\/198","targetHints":{"allow":["GET"]}}],"collection":[{"href":"https:\/\/alexforlongmont.com\/es\/wp-json\/wp\/v2\/pages"}],"about":[{"href":"https:\/\/alexforlongmont.com\/es\/wp-json\/wp\/v2\/types\/page"}],"author":[{"embeddable":true,"href":"https:\/\/alexforlongmont.com\/es\/wp-json\/wp\/v2\/users\/1"}],"replies":[{"embeddable":true,"href":"https:\/\/alexforlongmont.com\/es\/wp-json\/wp\/v2\/comments?post=198"}],"version-history":[{"count":26,"href":"https:\/\/alexforlongmont.com\/es\/wp-json\/wp\/v2\/pages\/198\/revisions"}],"predecessor-version":[{"id":773,"href":"https:\/\/alexforlongmont.com\/es\/wp-json\/wp\/v2\/pages\/198\/revisions\/773"}],"wp:attachment":[{"href":"https:\/\/alexforlongmont.com\/es\/wp-json\/wp\/v2\/media?parent=198"}],"curies":[{"name":"wp","href":"https:\/\/api.w.org\/{rel}","templated":true}]}}