{"id":290,"date":"2025-01-04T14:43:17","date_gmt":"2025-01-04T14:43:17","guid":{"rendered":"https:\/\/alexforlongmont.com\/?page_id=290"},"modified":"2025-02-25T22:12:35","modified_gmt":"2025-02-25T22:12:35","slug":"volunteer","status":"publish","type":"page","link":"https:\/\/alexforlongmont.com\/es\/volunteer\/","title":{"rendered":"Voluntariado"},"content":{"rendered":"<div data-elementor-type=\"wp-post\" data-elementor-id=\"290\" class=\"elementor elementor-290\">\n\t\t\t\t<div class=\"elementor-element elementor-element-c53a156 e-flex e-con-boxed e-con e-parent\" data-id=\"c53a156\" data-element_type=\"container\" data-e-type=\"container\">\n\t\t\t\t\t<div class=\"e-con-inner\">\n\t\t\t\t<div class=\"elementor-element elementor-element-274a8fb elementor-widget elementor-widget-text-editor\" data-id=\"274a8fb\" data-element_type=\"widget\" data-e-type=\"widget\" data-widget_type=\"text-editor.default\">\n\t\t\t\t<div class=\"elementor-widget-container\">\n\t\t\t\t\t\t\t\t\t<p>Gracias por su inter\u00e9s en unirse a nuestra campa\u00f1a para hacer de Longmont un lugar a\u00fan mejor para vivir, trabajar y prosperar.<\/p><p>Soy Alex Kalkhofer, y me postulo para el Concejo Municipal de Longmont porque creo en el potencial de nuestra comunidad para fortalecerse mientras preservamos lo que hace especial a nuestra ciudad.<\/p><p>Los voluntarios son el coraz\u00f3n de nuestra campa\u00f1a. Su dedicaci\u00f3n, habilidades y tiempo son cruciales para ayudarnos a conectar con otros residentes de Longmont, difundir nuestro mensaje de crecimiento inteligente y fortaleza comunitaria, y convertir nuestra visi\u00f3n compartida en realidad.<\/p><p>Ya sea que pueda ofrecer unas pocas horas a la semana o simplemente ayudar ocasionalmente, su contribuci\u00f3n marcar\u00e1 una diferencia significativa.<\/p><p>Al unirse a nuestro equipo, jugar\u00e1 un papel vital en abordar problemas clave como la asequibilidad, el tr\u00e1fico y la creaci\u00f3n de una ciudad m\u00e1s vibrante y transitable. Juntos, podemos construir un Longmont Fuerte que funcione para todos. Su participaci\u00f3n nos ayudar\u00e1 a:<\/p><ul class=\"marker:text-textOff list-disc pl-8\"><li>Conectar con nuestros vecinos y entender sus preocupaciones<\/li><li>Organizar eventos comunitarios y foros<\/li><li>Difundir nuestro mensaje de crecimiento inclusivo y desarrollo sostenible<\/li><li>Crear un movimiento de base que refleje las diversas voces de Longmont<\/li><\/ul><p>Cada minuto que contribuye nos acerca un paso m\u00e1s a la construcci\u00f3n de un Longmont m\u00e1s fuerte y vibrante para todos. \u00a1Trabajemos juntos para dar forma al futuro de nuestra querida ciudad!<\/p><p>Gracias por dar el primer paso. Por favor, complete el formulario a continuaci\u00f3n para hacernos saber c\u00f3mo le gustar\u00eda involucrarse.<\/p><p><iframe src=\"https:\/\/docs.google.com\/forms\/d\/e\/1FAIpQLSfChLDouGxuMkbO36fo2V3D--q7hzwfiQ1ux4pYSCT4bv_GWQ\/viewform?embedded=true\" width=\"640\" height=\"2431\" frameborder=\"0\" marginwidth=\"0\" marginheight=\"0\"><span data-mce-type=\"bookmark\" style=\"display: inline-block; width: 0px; overflow: hidden; line-height: 0;\" class=\"mce_SELRES_start\"><\/span><span data-mce-type=\"bookmark\" style=\"display: inline-block; width: 0px; overflow: hidden; line-height: 0;\" class=\"mce_SELRES_start\"><\/span>Loading\u2026<\/iframe><\/p>\t\t\t\t\t\t\t\t<\/div>\n\t\t\t\t<\/div>\n\t\t\t\t\t<\/div>\n\t\t\t\t<\/div>\n\t\t\t\t<\/div>","protected":false},"excerpt":{"rendered":"<p>Thank you for your interest in joining our campaign to make Longmont an even better place to live, work, and thrive. I&#8217;m Alex Kalkhofer, and I&#8217;m running for Longmont City Council because I believe in our community&#8217;s potential to grow stronger while preserving what makes our city special. Volunteers are the heartbeat of our campaign. [&hellip;]<\/p>\n","protected":false},"author":1,"featured_media":0,"parent":0,"menu_order":0,"comment_status":"closed","ping_status":"closed","template":"","meta":{"footnotes":""},"class_list":["post-290","page","type-page","status-publish","hentry"],"yoast_head":"<!-- This site is optimized with the Yoast SEO plugin v27.4 - https:\/\/yoast.com\/product\/yoast-seo-wordpress\/ -->\n<title>Volunteer - A Strong Longmont for All<\/title>\n<meta name=\"robots\" content=\"index, follow, max-snippet:-1, max-image-preview:large, max-video-preview:-1\" \/>\n<link rel=\"canonical\" href=\"https:\/\/alexforlongmont.com\/es\/volunteer\/\" \/>\n<meta property=\"og:locale\" content=\"es_MX\" \/>\n<meta property=\"og:type\" content=\"article\" \/>\n<meta property=\"og:title\" content=\"Volunteer - A Strong Longmont for All\" \/>\n<meta property=\"og:description\" content=\"Thank you for your interest in joining our campaign to make Longmont an even better place to live, work, and thrive. I&#8217;m Alex Kalkhofer, and I&#8217;m running for Longmont City Council because I believe in our community&#8217;s potential to grow stronger while preserving what makes our city special. Volunteers are the heartbeat of our campaign. [&hellip;]\" \/>\n<meta property=\"og:url\" content=\"https:\/\/alexforlongmont.com\/es\/volunteer\/\" \/>\n<meta property=\"og:site_name\" content=\"A Strong Longmont for All\" \/>\n<meta property=\"article:modified_time\" content=\"2025-02-25T22:12:35+00:00\" \/>\n<meta name=\"twitter:card\" content=\"summary_large_image\" \/>\n<meta name=\"twitter:label1\" content=\"Tiempo de lectura\" \/>\n\t<meta name=\"twitter:data1\" content=\"2 minutos\" \/>\n<script type=\"application\/ld+json\" class=\"yoast-schema-graph\">{\"@context\":\"https:\\\/\\\/schema.org\",\"@graph\":[{\"@type\":\"WebPage\",\"@id\":\"https:\\\/\\\/alexforlongmont.com\\\/volunteer\\\/\",\"url\":\"https:\\\/\\\/alexforlongmont.com\\\/volunteer\\\/\",\"name\":\"Volunteer - A Strong Longmont for All\",\"isPartOf\":{\"@id\":\"https:\\\/\\\/alexforlongmont.com\\\/#website\"},\"datePublished\":\"2025-01-04T14:43:17+00:00\",\"dateModified\":\"2025-02-25T22:12:35+00:00\",\"breadcrumb\":{\"@id\":\"https:\\\/\\\/alexforlongmont.com\\\/volunteer\\\/#breadcrumb\"},\"inLanguage\":\"es\",\"potentialAction\":[{\"@type\":\"ReadAction\",\"target\":[\"https:\\\/\\\/alexforlongmont.com\\\/volunteer\\\/\"]}]},{\"@type\":\"BreadcrumbList\",\"@id\":\"https:\\\/\\\/alexforlongmont.com\\\/volunteer\\\/#breadcrumb\",\"itemListElement\":[{\"@type\":\"ListItem\",\"position\":1,\"name\":\"Home\",\"item\":\"https:\\\/\\\/alexforlongmont.com\\\/\"},{\"@type\":\"ListItem\",\"position\":2,\"name\":\"Volunteer\"}]},{\"@type\":\"WebSite\",\"@id\":\"https:\\\/\\\/alexforlongmont.com\\\/#website\",\"url\":\"https:\\\/\\\/alexforlongmont.com\\\/\",\"name\":\"A Strong Longmont for All\",\"description\":\"Paid for by Alex Kalkhofer for Longmont City Council. Authorized by the candidate.\",\"potentialAction\":[{\"@type\":\"SearchAction\",\"target\":{\"@type\":\"EntryPoint\",\"urlTemplate\":\"https:\\\/\\\/alexforlongmont.com\\\/?s={search_term_string}\"},\"query-input\":{\"@type\":\"PropertyValueSpecification\",\"valueRequired\":true,\"valueName\":\"search_term_string\"}}],\"inLanguage\":\"es\"}]}<\/script>\n<!-- \/ Yoast SEO plugin. -->","yoast_head_json":{"title":"Volunteer - A Strong Longmont for All","robots":{"index":"index","follow":"follow","max-snippet":"max-snippet:-1","max-image-preview":"max-image-preview:large","max-video-preview":"max-video-preview:-1"},"canonical":"https:\/\/alexforlongmont.com\/es\/volunteer\/","og_locale":"es_MX","og_type":"article","og_title":"Volunteer - A Strong Longmont for All","og_description":"Thank you for your interest in joining our campaign to make Longmont an even better place to live, work, and thrive. I&#8217;m Alex Kalkhofer, and I&#8217;m running for Longmont City Council because I believe in our community&#8217;s potential to grow stronger while preserving what makes our city special. Volunteers are the heartbeat of our campaign. [&hellip;]","og_url":"https:\/\/alexforlongmont.com\/es\/volunteer\/","og_site_name":"A Strong Longmont for All","article_modified_time":"2025-02-25T22:12:35+00:00","twitter_card":"summary_large_image","twitter_misc":{"Tiempo de lectura":"2 minutos"},"schema":{"@context":"https:\/\/schema.org","@graph":[{"@type":"WebPage","@id":"https:\/\/alexforlongmont.com\/volunteer\/","url":"https:\/\/alexforlongmont.com\/volunteer\/","name":"Volunteer - A Strong Longmont for All","isPartOf":{"@id":"https:\/\/alexforlongmont.com\/#website"},"datePublished":"2025-01-04T14:43:17+00:00","dateModified":"2025-02-25T22:12:35+00:00","breadcrumb":{"@id":"https:\/\/alexforlongmont.com\/volunteer\/#breadcrumb"},"inLanguage":"es","potentialAction":[{"@type":"ReadAction","target":["https:\/\/alexforlongmont.com\/volunteer\/"]}]},{"@type":"BreadcrumbList","@id":"https:\/\/alexforlongmont.com\/volunteer\/#breadcrumb","itemListElement":[{"@type":"ListItem","position":1,"name":"Home","item":"https:\/\/alexforlongmont.com\/"},{"@type":"ListItem","position":2,"name":"Volunteer"}]},{"@type":"WebSite","@id":"https:\/\/alexforlongmont.com\/#website","url":"https:\/\/alexforlongmont.com\/","name":"Un Longmont Fuerte para Todos","description":"Paid for by Alex Kalkhofer for Longmont City Council. Authorized by the candidate.","potentialAction":[{"@type":"SearchAction","target":{"@type":"EntryPoint","urlTemplate":"https:\/\/alexforlongmont.com\/?s={search_term_string}"},"query-input":{"@type":"PropertyValueSpecification","valueRequired":true,"valueName":"search_term_string"}}],"inLanguage":"es"}]}},"_links":{"self":[{"href":"https:\/\/alexforlongmont.com\/es\/wp-json\/wp\/v2\/pages\/290","targetHints":{"allow":["GET"]}}],"collection":[{"href":"https:\/\/alexforlongmont.com\/es\/wp-json\/wp\/v2\/pages"}],"about":[{"href":"https:\/\/alexforlongmont.com\/es\/wp-json\/wp\/v2\/types\/page"}],"author":[{"embeddable":true,"href":"https:\/\/alexforlongmont.com\/es\/wp-json\/wp\/v2\/users\/1"}],"replies":[{"embeddable":true,"href":"https:\/\/alexforlongmont.com\/es\/wp-json\/wp\/v2\/comments?post=290"}],"version-history":[{"count":11,"href":"https:\/\/alexforlongmont.com\/es\/wp-json\/wp\/v2\/pages\/290\/revisions"}],"predecessor-version":[{"id":532,"href":"https:\/\/alexforlongmont.com\/es\/wp-json\/wp\/v2\/pages\/290\/revisions\/532"}],"wp:attachment":[{"href":"https:\/\/alexforlongmont.com\/es\/wp-json\/wp\/v2\/media?parent=290"}],"curies":[{"name":"wp","href":"https:\/\/api.w.org\/{rel}","templated":true}]}}